{"id":85,"date":"2020-01-13T11:08:58","date_gmt":"2020-01-13T11:08:58","guid":{"rendered":"https:\/\/demosites.io\/web-agency\/?page_id=5"},"modified":"2021-06-05T06:51:51","modified_gmt":"2021-06-05T06:51:51","slug":"300f0-web-agency-home","status":"publish","type":"page","link":"https:\/\/smj.turnwerk.ch\/","title":{"rendered":"Home"},"content":{"rendered":"\t\t<div data-elementor-type=\"wp-page\" data-elementor-id=\"85\" class=\"elementor elementor-85\" data-elementor-settings=\"[]\">\n\t\t\t\t\t\t\t<div class=\"elementor-section-wrap\">\n\t\t\t\t\t\t\t<section class=\"elementor-section elementor-top-section elementor-element elementor-element-721b4a8 elementor-section-boxed elementor-section-height-default elementor-section-height-default\" data-id=\"721b4a8\" data-element_type=\"section\">\n\t\t\t\t\t\t<div class=\"elementor-container elementor-column-gap-default\">\n\t\t\t\t\t\t\t\t<\/div>\n\t\t<\/section>\n\t\t\t\t<section class=\"elementor-section elementor-top-section elementor-element elementor-element-46f513b elementor-section-boxed elementor-section-height-default elementor-section-height-default\" data-id=\"46f513b\" data-element_type=\"section\">\n\t\t\t\t\t\t<div class=\"elementor-container elementor-column-gap-default\">\n\t\t\t\t\t<div class=\"elementor-column elementor-col-100 elementor-top-column elementor-element elementor-element-3a815e4\" data-id=\"3a815e4\" data-element_type=\"column\">\n\t\t\t<div class=\"elementor-widget-wrap elementor-element-populated\">\n\t\t\t\t\t\t\t\t<div class=\"elementor-element elementor-element-34de459 elementor-widget elementor-widget-heading\" data-id=\"34de459\" data-element_type=\"widget\" data-widget_type=\"heading.default\">\n\t\t\t\t<div class=\"elementor-widget-container\">\n\t\t\t<h1 class=\"elementor-heading-title elementor-size-default\">Es freut uns, die Schweizer Meisterschaften im Kunstturnen Junioren 2021 durchzuf\u00fchren. <\/h1>\t\t<\/div>\n\t\t\t\t<\/div>\n\t\t\t\t\t<\/div>\n\t\t<\/div>\n\t\t\t\t\t\t\t<\/div>\n\t\t<\/section>\n\t\t\t\t<section class=\"elementor-section elementor-top-section elementor-element elementor-element-86d7004 elementor-section-boxed elementor-section-height-default elementor-section-height-default\" data-id=\"86d7004\" data-element_type=\"section\">\n\t\t\t\t\t\t<div class=\"elementor-container elementor-column-gap-default\">\n\t\t\t\t\t<div class=\"elementor-column elementor-col-25 elementor-top-column elementor-element elementor-element-ffbff0e\" data-id=\"ffbff0e\" data-element_type=\"column\">\n\t\t\t<div class=\"elementor-widget-wrap elementor-element-populated\">\n\t\t\t\t\t\t\t\t<div class=\"elementor-element elementor-element-81a9c0d elementor-align-center elementor-mobile-align-justify elementor-button-danger elementor-widget elementor-widget-button\" data-id=\"81a9c0d\" data-element_type=\"widget\" data-widget_type=\"button.default\">\n\t\t\t\t<div class=\"elementor-widget-container\">\n\t\t\t\t\t<div class=\"elementor-button-wrapper\">\n\t\t\t<a href=\"https:\/\/smj.turnwerk.ch\/index.php\/wettkampf\" class=\"elementor-button-link elementor-button elementor-size-lg\" role=\"button\">\n\t\t\t\t\t\t<span class=\"elementor-button-content-wrapper\">\n\t\t\t\t\t\t<span class=\"elementor-button-text\">Zeitplan<\/span>\n\t\t<\/span>\n\t\t\t\t\t<\/a>\n\t\t<\/div>\n\t\t\t\t<\/div>\n\t\t\t\t<\/div>\n\t\t\t\t\t<\/div>\n\t\t<\/div>\n\t\t\t\t<div class=\"elementor-column elementor-col-25 elementor-top-column elementor-element elementor-element-563fd2d\" data-id=\"563fd2d\" data-element_type=\"column\">\n\t\t\t<div class=\"elementor-widget-wrap elementor-element-populated\">\n\t\t\t\t\t\t\t\t<div class=\"elementor-element elementor-element-d71ca91 elementor-mobile-align-justify elementor-align-center elementor-button-info elementor-widget elementor-widget-button\" data-id=\"d71ca91\" data-element_type=\"widget\" data-widget_type=\"button.default\">\n\t\t\t\t<div class=\"elementor-widget-container\">\n\t\t\t\t\t<div class=\"elementor-button-wrapper\">\n\t\t\t<a href=\"https:\/\/smj.turnwerk.ch\/index.php\/livestream\/\" class=\"elementor-button-link elementor-button elementor-size-lg\" role=\"button\">\n\t\t\t\t\t\t<span class=\"elementor-button-content-wrapper\">\n\t\t\t\t\t\t<span class=\"elementor-button-text\">Livestream<\/span>\n\t\t<\/span>\n\t\t\t\t\t<\/a>\n\t\t<\/div>\n\t\t\t\t<\/div>\n\t\t\t\t<\/div>\n\t\t\t\t\t<\/div>\n\t\t<\/div>\n\t\t\t\t<div class=\"elementor-column elementor-col-25 elementor-top-column elementor-element elementor-element-e1e01bb\" data-id=\"e1e01bb\" data-element_type=\"column\">\n\t\t\t<div class=\"elementor-widget-wrap elementor-element-populated\">\n\t\t\t\t\t\t\t\t<div class=\"elementor-element elementor-element-7194a3c elementor-mobile-align-justify elementor-align-center elementor-widget elementor-widget-button\" data-id=\"7194a3c\" data-element_type=\"widget\" data-widget_type=\"button.default\">\n\t\t\t\t<div class=\"elementor-widget-container\">\n\t\t\t\t\t<div class=\"elementor-button-wrapper\">\n\t\t\t<a href=\"https:\/\/smj.turnwerk.ch\/index.php\/ranglisten\" class=\"elementor-button-link elementor-button elementor-size-lg\" role=\"button\">\n\t\t\t\t\t\t<span class=\"elementor-button-content-wrapper\">\n\t\t\t\t\t\t<span class=\"elementor-button-text\">Ranglisten<\/span>\n\t\t<\/span>\n\t\t\t\t\t<\/a>\n\t\t<\/div>\n\t\t\t\t<\/div>\n\t\t\t\t<\/div>\n\t\t\t\t\t<\/div>\n\t\t<\/div>\n\t\t\t\t<div class=\"elementor-column elementor-col-25 elementor-top-column elementor-element elementor-element-0425fdb\" data-id=\"0425fdb\" data-element_type=\"column\">\n\t\t\t<div class=\"elementor-widget-wrap elementor-element-populated\">\n\t\t\t\t\t\t\t\t<div class=\"elementor-element elementor-element-19f8086 elementor-mobile-align-justify elementor-align-center elementor-button-info elementor-widget elementor-widget-button\" data-id=\"19f8086\" data-element_type=\"widget\" data-widget_type=\"button.default\">\n\t\t\t\t<div class=\"elementor-widget-container\">\n\t\t\t\t\t<div class=\"elementor-button-wrapper\">\n\t\t\t<a href=\"https:\/\/gymscore.turnsportlive.ch\/smjm\/gymscore\/\" target=\"_blank\" class=\"elementor-button-link elementor-button elementor-size-lg\" role=\"button\">\n\t\t\t\t\t\t<span class=\"elementor-button-content-wrapper\">\n\t\t\t\t\t\t<span class=\"elementor-button-text\">Liveresultate<\/span>\n\t\t<\/span>\n\t\t\t\t\t<\/a>\n\t\t<\/div>\n\t\t\t\t<\/div>\n\t\t\t\t<\/div>\n\t\t\t\t\t<\/div>\n\t\t<\/div>\n\t\t\t\t\t\t\t<\/div>\n\t\t<\/section>\n\t\t\t\t<section class=\"elementor-section elementor-top-section elementor-element elementor-element-d81824a elementor-section-boxed elementor-section-height-default elementor-section-height-default\" data-id=\"d81824a\" data-element_type=\"section\">\n\t\t\t\t\t\t<div class=\"elementor-container elementor-column-gap-default\">\n\t\t\t\t\t<div class=\"elementor-column elementor-col-100 elementor-top-column elementor-element elementor-element-93529e5\" data-id=\"93529e5\" data-element_type=\"column\">\n\t\t\t<div class=\"elementor-widget-wrap elementor-element-populated\">\n\t\t\t\t\t\t\t\t<div class=\"elementor-element elementor-element-b94bf22 elementor-aspect-ratio-169 elementor-widget elementor-widget-video\" data-id=\"b94bf22\" data-element_type=\"widget\" data-settings=\"{&quot;youtube_url&quot;:&quot;https:\\\/\\\/www.youtube.com\\\/watch?v=lj5shSzyT1U&quot;,&quot;loop&quot;:&quot;yes&quot;,&quot;video_type&quot;:&quot;youtube&quot;,&quot;controls&quot;:&quot;yes&quot;,&quot;aspect_ratio&quot;:&quot;169&quot;}\" data-widget_type=\"video.default\">\n\t\t\t\t<div class=\"elementor-widget-container\">\n\t\t\t\t\t<div class=\"elementor-wrapper elementor-fit-aspect-ratio elementor-open-inline\">\n\t\t\t<div class=\"elementor-video\"><\/div>\t\t<\/div>\n\t\t\t\t<\/div>\n\t\t\t\t<\/div>\n\t\t\t\t<div class=\"elementor-element elementor-element-1625a8c elementor-widget-divider--view-line elementor-widget elementor-widget-divider\" data-id=\"1625a8c\" data-element_type=\"widget\" data-widget_type=\"divider.default\">\n\t\t\t\t<div class=\"elementor-widget-container\">\n\t\t\t\t\t<div class=\"elementor-divider\">\n\t\t\t<span class=\"elementor-divider-separator\">\n\t\t\t\t\t\t<\/span>\n\t\t<\/div>\n\t\t\t\t<\/div>\n\t\t\t\t<\/div>\n\t\t\t\t<section class=\"elementor-section elementor-inner-section elementor-element elementor-element-e265486 elementor-section-boxed elementor-section-height-default elementor-section-height-default\" data-id=\"e265486\" data-element_type=\"section\">\n\t\t\t\t\t\t<div class=\"elementor-container elementor-column-gap-default\">\n\t\t\t\t\t<div class=\"elementor-column elementor-col-33 elementor-inner-column elementor-element elementor-element-e4dd889\" data-id=\"e4dd889\" data-element_type=\"column\">\n\t\t\t<div class=\"elementor-widget-wrap elementor-element-populated\">\n\t\t\t\t\t\t\t\t<div class=\"elementor-element elementor-element-cf23cc0 elementor-widget elementor-widget-image\" data-id=\"cf23cc0\" data-element_type=\"widget\" data-widget_type=\"image.default\">\n\t\t\t\t<div class=\"elementor-widget-container\">\n\t\t\t\t\t\t\t\t\t\t\t\t\t\t\t<img width=\"547\" height=\"547\" src=\"https:\/\/smj.turnwerk.ch\/wp-content\/uploads\/2021\/05\/SUI_Cavelti_Bruno.jpg\" class=\"attachment-large size-large\" alt=\"\" loading=\"lazy\" srcset=\"https:\/\/smj.turnwerk.ch\/wp-content\/uploads\/2021\/05\/SUI_Cavelti_Bruno.jpg 547w, https:\/\/smj.turnwerk.ch\/wp-content\/uploads\/2021\/05\/SUI_Cavelti_Bruno-300x300.jpg 300w, https:\/\/smj.turnwerk.ch\/wp-content\/uploads\/2021\/05\/SUI_Cavelti_Bruno-150x150.jpg 150w, https:\/\/smj.turnwerk.ch\/wp-content\/uploads\/2021\/05\/SUI_Cavelti_Bruno-60x60.jpg 60w\" sizes=\"(max-width: 547px) 100vw, 547px\" \/>\t\t\t\t\t\t\t\t\t\t\t\t\t\t\t<\/div>\n\t\t\t\t<\/div>\n\t\t\t\t<div class=\"elementor-element elementor-element-70bd86d elementor-widget elementor-widget-text-editor\" data-id=\"70bd86d\" data-element_type=\"widget\" data-widget_type=\"text-editor.default\">\n\t\t\t\t<div class=\"elementor-widget-container\">\n\t\t\t\t\t\t\t\t<p><strong>Bruno Cavelti<\/strong><br \/>Koordinator Spitzensport<br \/>Coordinateur du sport d\u2019\u00e9lite<\/p>\t\t\t\t\t\t<\/div>\n\t\t\t\t<\/div>\n\t\t\t\t\t<\/div>\n\t\t<\/div>\n\t\t\t\t<div class=\"elementor-column elementor-col-66 elementor-inner-column elementor-element elementor-element-1597b42\" data-id=\"1597b42\" data-element_type=\"column\">\n\t\t\t<div class=\"elementor-widget-wrap elementor-element-populated\">\n\t\t\t\t\t\t\t\t<div class=\"elementor-element elementor-element-57934f9 elementor-widget elementor-widget-text-editor\" data-id=\"57934f9\" data-element_type=\"widget\" data-widget_type=\"text-editor.default\">\n\t\t\t\t<div class=\"elementor-widget-container\">\n\t\t\t\t\t\t\t\t<p><strong>Willkommensgruss des Schweizerischen Turnverbandes STV<\/strong><br \/>Liebe Turnfreunde!<br \/>Es ist mir eine besondere Ehre, Sie im Namen des Zentralvorstandes, der Abteilung Spitzensport und des Ressorts Kunstturnen recht herzlich zu den Schweizer Meisterschaften Kunstturnen Junioren (SMJ Kutu M) in Sargans willkommen zu heissen. <a href=\"https:\/\/smj.turnwerk.ch\/wp-content\/uploads\/2021\/05\/Grusswort_SMJ_Kutu-M_2021_bca_d.pdf\" target=\"_blank\" rel=\"noopener\">weiterlesen.. (PDF)<\/a><\/p>\t\t\t\t\t\t<\/div>\n\t\t\t\t<\/div>\n\t\t\t\t<div class=\"elementor-element elementor-element-17733d9 elementor-widget elementor-widget-text-editor\" data-id=\"17733d9\" data-element_type=\"widget\" data-widget_type=\"text-editor.default\">\n\t\t\t\t<div class=\"elementor-widget-container\">\n\t\t\t\t\t\t\t\t<p><strong>Message de bienvenue de la F\u00e9d\u00e9ration suisse de gymnastique FSG<\/strong><br \/>Chers amis de la gymnastique<br \/>C\u2019est un honneur pour moi de vous souhaiter, au nom du comit\u00e9 central, de la division du sport d\u2019\u00e9lite et du secteur de la gymnastique artistique, la bienvenue aux Championnats suisses de gymnastique artistique juniors (CSJ GAM) \u00e0 Sargans qui r\u00e9unissent les meilleurs gymnastes de la rel\u00e8ve et donc la future \u00e9lite du pays. <a href=\"https:\/\/smj.turnwerk.ch\/wp-content\/uploads\/2021\/05\/Grusswort_SMJ_Kutu-M_2021_bca_f.pdf\" target=\"_blank\" rel=\"noopener\"> continuer la lecture.. (PDF)<\/a><\/p>\t\t\t\t\t\t<\/div>\n\t\t\t\t<\/div>\n\t\t\t\t\t<\/div>\n\t\t<\/div>\n\t\t\t\t\t\t\t<\/div>\n\t\t<\/section>\n\t\t\t\t<div class=\"elementor-element elementor-element-5dbe3c1 elementor-widget-divider--view-line elementor-widget elementor-widget-divider\" data-id=\"5dbe3c1\" data-element_type=\"widget\" data-widget_type=\"divider.default\">\n\t\t\t\t<div class=\"elementor-widget-container\">\n\t\t\t\t\t<div class=\"elementor-divider\">\n\t\t\t<span class=\"elementor-divider-separator\">\n\t\t\t\t\t\t<\/span>\n\t\t<\/div>\n\t\t\t\t<\/div>\n\t\t\t\t<\/div>\n\t\t\t\t<div class=\"elementor-element elementor-element-aa41038 elementor-widget elementor-widget-text-editor\" data-id=\"aa41038\" data-element_type=\"widget\" data-widget_type=\"text-editor.default\">\n\t\t\t\t<div class=\"elementor-widget-container\">\n\t\t\t\t\t\t\t\t<p>Am 05. \/ 06. Juni 2021 werden in der\u00a0<a href=\"https:\/\/sportanlageriet.ch\" target=\"_blank\" rel=\"noopener\">Sportanlage Riet<\/a> in Sargans, Kanton St.Gallen die Junioren Schweizermeister im Kunstturnen erkoren. Das <a href=\"https:\/\/turnwerk.ch\/\" target=\"_blank\" rel=\"noopener\">Turnwerk S\u00fcdostschweiz<\/a> freut sich den Anlass zu organisieren. Ein erfahrenes OK wird f\u00fcr optimale Wettkampfbedingungen besorgt sein.<br \/>Wir freuen uns auf Ihre Unterst\u00fctzung und bedanken uns bei allen Sponsoren, welche uns helfen, den Anlass kurzfristig aber erfolgreich durchzuf\u00fchren.<\/p>\t\t\t\t\t\t<\/div>\n\t\t\t\t<\/div>\n\t\t\t\t<div class=\"elementor-element elementor-element-67bea11 elementor-widget elementor-widget-text-editor\" data-id=\"67bea11\" data-element_type=\"widget\" data-widget_type=\"text-editor.default\">\n\t\t\t\t<div class=\"elementor-widget-container\">\n\t\t\t\t\t\t\t\t<p><strong>Livestream<\/strong><br \/>Bei den diesj\u00e4hrigen Schweizer Meisterschaften sind leider keine Zuschauer zugelassen. Trotzdem k\u00f6nnen Sie den gesamten Wettkampf via <a href=\"https:\/\/smj.turnwerk.ch\/index.php\/livestream\/\" rel=\"noopener\">Livestream<\/a> mitverfolgen.<\/p>\t\t\t\t\t\t<\/div>\n\t\t\t\t<\/div>\n\t\t\t\t<div class=\"elementor-element elementor-element-06d482e elementor-button-info elementor-align-center elementor-widget elementor-widget-button\" data-id=\"06d482e\" data-element_type=\"widget\" data-widget_type=\"button.default\">\n\t\t\t\t<div class=\"elementor-widget-container\">\n\t\t\t\t\t<div class=\"elementor-button-wrapper\">\n\t\t\t<a href=\"https:\/\/smj.turnwerk.ch\/index.php\/livestream\/\" class=\"elementor-button-link elementor-button elementor-size-sm\" role=\"button\">\n\t\t\t\t\t\t<span class=\"elementor-button-content-wrapper\">\n\t\t\t\t\t\t<span class=\"elementor-button-text\">zum Livestream<\/span>\n\t\t<\/span>\n\t\t\t\t\t<\/a>\n\t\t<\/div>\n\t\t\t\t<\/div>\n\t\t\t\t<\/div>\n\t\t\t\t\t<\/div>\n\t\t<\/div>\n\t\t\t\t\t\t\t<\/div>\n\t\t<\/section>\n\t\t\t\t<section class=\"elementor-section elementor-top-section elementor-element elementor-element-e78338d elementor-section-boxed elementor-section-height-default elementor-section-height-default\" data-id=\"e78338d\" data-element_type=\"section\">\n\t\t\t\t\t\t<div class=\"elementor-container elementor-column-gap-default\">\n\t\t\t\t\t<div class=\"elementor-column elementor-col-50 elementor-top-column elementor-element elementor-element-7ca6ce1\" data-id=\"7ca6ce1\" data-element_type=\"column\">\n\t\t\t<div class=\"elementor-widget-wrap elementor-element-populated\">\n\t\t\t\t\t\t\t\t<div class=\"elementor-element elementor-element-a878fa9 elementor-widget elementor-widget-text-editor\" data-id=\"a878fa9\" data-element_type=\"widget\" data-widget_type=\"text-editor.default\">\n\t\t\t\t<div class=\"elementor-widget-container\">\n\t\t\t\t\t\t\t\t<p><strong>Freiwillige Spende f\u00fcr Organisator<\/strong><br \/>Obwohl wir den Anlass dank grossz\u00fcgigen Sponsoren und Startgeldern mehrheitlich finanzieren k\u00f6nnen, ist ein kostendeckender Anlass ohne Zuschauer nicht m\u00f6glich. Einnahmen der Festwirtschaft und aus dem Verkauf der Eintritte fallen weg, Ausgaben f\u00fcr die Umsetzung der Schutzkonzepte und die Livestreams kommen hinzu.<br \/>Wir w\u00fcrden uns deshalb \u00fcber eine freiwillige Spende per Twint freuen. Bei einer normalen SM betragen die Eintrittspreise rund 10.- f\u00fcr ein Tagesticket und 15.- f\u00fcr ein Zweitagesticket.<\/p><p>Herzlichen Dank f\u00fcr die Unterst\u00fctzung und viel Spass beim Mitfiebern via <a href=\"https:\/\/smj.turnwerk.ch\/index.php\/livestream\/\" rel=\"noopener\">Livestream<\/a>!<\/p>\t\t\t\t\t\t<\/div>\n\t\t\t\t<\/div>\n\t\t\t\t\t<\/div>\n\t\t<\/div>\n\t\t\t\t<div class=\"elementor-column elementor-col-50 elementor-top-column elementor-element elementor-element-e49808e\" data-id=\"e49808e\" data-element_type=\"column\">\n\t\t\t<div class=\"elementor-widget-wrap elementor-element-populated\">\n\t\t\t\t\t\t\t\t<div class=\"elementor-element elementor-element-035a186 elementor-widget elementor-widget-image\" data-id=\"035a186\" data-element_type=\"widget\" data-widget_type=\"image.default\">\n\t\t\t\t<div class=\"elementor-widget-container\">\n\t\t\t\t\t\t\t\t\t\t\t\t\t\t\t<img width=\"377\" height=\"379\" src=\"https:\/\/smj.turnwerk.ch\/wp-content\/uploads\/2021\/06\/QR_Twint_SMJ_2021.jpg\" class=\"attachment-large size-large\" alt=\"\" loading=\"lazy\" srcset=\"https:\/\/smj.turnwerk.ch\/wp-content\/uploads\/2021\/06\/QR_Twint_SMJ_2021.jpg 377w, https:\/\/smj.turnwerk.ch\/wp-content\/uploads\/2021\/06\/QR_Twint_SMJ_2021-298x300.jpg 298w, https:\/\/smj.turnwerk.ch\/wp-content\/uploads\/2021\/06\/QR_Twint_SMJ_2021-150x150.jpg 150w, https:\/\/smj.turnwerk.ch\/wp-content\/uploads\/2021\/06\/QR_Twint_SMJ_2021-60x60.jpg 60w\" sizes=\"(max-width: 377px) 100vw, 377px\" \/>\t\t\t\t\t\t\t\t\t\t\t\t\t\t\t<\/div>\n\t\t\t\t<\/div>\n\t\t\t\t\t<\/div>\n\t\t<\/div>\n\t\t\t\t\t\t\t<\/div>\n\t\t<\/section>\n\t\t\t\t\t\t<\/div>\n\t\t\t\t\t<\/div>\n\t\t","protected":false},"excerpt":{"rendered":"<p>Es freut uns, die Schweizer Meisterschaften im Kunstturnen Junioren 2021 durchzuf\u00fchren. Zeitplan Livestream Ranglisten Liveresultate Bruno CaveltiKoordinator SpitzensportCoordinateur du sport d\u2019\u00e9lite Willkommensgruss des Schweizerischen Turnverbandes &hellip; <\/p>\n","protected":false},"author":1,"featured_media":0,"parent":0,"menu_order":0,"comment_status":"closed","ping_status":"closed","template":"elementor_header_footer","meta":{"_ti_tpc_template_sync":false,"_ti_tpc_template_id":"6rwc3b6ltwrjqlusx79v"},"_links":{"self":[{"href":"https:\/\/smj.turnwerk.ch\/index.php\/wp-json\/wp\/v2\/pages\/85"}],"collection":[{"href":"https:\/\/smj.turnwerk.ch\/index.php\/wp-json\/wp\/v2\/pages"}],"about":[{"href":"https:\/\/smj.turnwerk.ch\/index.php\/wp-json\/wp\/v2\/types\/page"}],"author":[{"embeddable":true,"href":"https:\/\/smj.turnwerk.ch\/index.php\/wp-json\/wp\/v2\/users\/1"}],"replies":[{"embeddable":true,"href":"https:\/\/smj.turnwerk.ch\/index.php\/wp-json\/wp\/v2\/comments?post=85"}],"version-history":[{"count":117,"href":"https:\/\/smj.turnwerk.ch\/index.php\/wp-json\/wp\/v2\/pages\/85\/revisions"}],"predecessor-version":[{"id":925,"href":"https:\/\/smj.turnwerk.ch\/index.php\/wp-json\/wp\/v2\/pages\/85\/revisions\/925"}],"wp:attachment":[{"href":"https:\/\/smj.turnwerk.ch\/index.php\/wp-json\/wp\/v2\/media?parent=85"}],"curies":[{"name":"wp","href":"https:\/\/api.w.org\/{rel}","templated":true}]}}