{"id":20,"date":"2021-02-17T22:01:47","date_gmt":"2021-02-17T22:01:47","guid":{"rendered":"https:\/\/smj.turnwerk.ch\/?page_id=20"},"modified":"2021-04-07T23:42:22","modified_gmt":"2021-04-07T23:42:22","slug":"presse","status":"publish","type":"page","link":"https:\/\/smj.turnwerk.ch\/index.php\/presse\/","title":{"rendered":"Presse"},"content":{"rendered":"\t\t<div data-elementor-type=\"wp-page\" data-elementor-id=\"20\" class=\"elementor elementor-20\" data-elementor-settings=\"[]\">\n\t\t\t\t\t\t\t<div class=\"elementor-section-wrap\">\n\t\t\t\t\t\t\t<section class=\"elementor-section elementor-top-section elementor-element elementor-element-126ee0b elementor-section-boxed elementor-section-height-default elementor-section-height-default\" data-id=\"126ee0b\" data-element_type=\"section\">\n\t\t\t\t\t\t<div class=\"elementor-container elementor-column-gap-default\">\n\t\t\t\t\t<div class=\"elementor-column elementor-col-100 elementor-top-column elementor-element elementor-element-efec338\" data-id=\"efec338\" data-element_type=\"column\">\n\t\t\t<div class=\"elementor-widget-wrap elementor-element-populated\">\n\t\t\t\t\t\t\t\t<div class=\"elementor-element elementor-element-7b04639 elementor-widget elementor-widget-text-editor\" data-id=\"7b04639\" data-element_type=\"widget\" data-widget_type=\"text-editor.default\">\n\t\t\t\t<div class=\"elementor-widget-container\">\n\t\t\t\t\t\t\t\t<p>Liebe Medienschaffende, wir freuen uns, wenn Sie vor, w\u00e4hrend und nach dem Anlass \u00fcber die Schweizer-Meisterschaften Kunstturnen Junioren 2021 berichten. F\u00fcr Medien-Ausk\u00fcnfte und -Informationen wenden Sie sich bitte an folgende Adresse:&nbsp;<a href=\"mailto:medien@turnwerk.ch\">medien@turnwerk.ch<\/a><\/p>\n<p><strong>Presse-Akkreditierung<\/strong><br>Fotografen sowie Medienvertreter aller Art werden gebeten sich f\u00fcr den Anlass anzumelden. Die Akkreditierung k\u00f6nnen Sie via <a href=\"mailto:medien@turnwerk.ch\">E-Mail<\/a>&nbsp;schicken. Vielen Dank!<\/p>\t\t\t\t\t\t<\/div>\n\t\t\t\t<\/div>\n\t\t\t\t\t<\/div>\n\t\t<\/div>\n\t\t\t\t\t\t\t<\/div>\n\t\t<\/section>\n\t\t\t\t\t\t<\/div>\n\t\t\t\t\t<\/div>\n\t\t","protected":false},"excerpt":{"rendered":"<p>Liebe Medienschaffende, wir freuen uns, wenn Sie vor, w\u00e4hrend und nach dem Anlass \u00fcber die Schweizer-Meisterschaften Kunstturnen Junioren 2021 berichten. F\u00fcr Medien-Ausk\u00fcnfte und -Informationen wenden &hellip; <\/p>\n","protected":false},"author":1,"featured_media":0,"parent":0,"menu_order":0,"comment_status":"closed","ping_status":"closed","template":"","meta":{"_ti_tpc_template_sync":false,"_ti_tpc_template_id":""},"_links":{"self":[{"href":"https:\/\/smj.turnwerk.ch\/index.php\/wp-json\/wp\/v2\/pages\/20"}],"collection":[{"href":"https:\/\/smj.turnwerk.ch\/index.php\/wp-json\/wp\/v2\/pages"}],"about":[{"href":"https:\/\/smj.turnwerk.ch\/index.php\/wp-json\/wp\/v2\/types\/page"}],"author":[{"embeddable":true,"href":"https:\/\/smj.turnwerk.ch\/index.php\/wp-json\/wp\/v2\/users\/1"}],"replies":[{"embeddable":true,"href":"https:\/\/smj.turnwerk.ch\/index.php\/wp-json\/wp\/v2\/comments?post=20"}],"version-history":[{"count":13,"href":"https:\/\/smj.turnwerk.ch\/index.php\/wp-json\/wp\/v2\/pages\/20\/revisions"}],"predecessor-version":[{"id":317,"href":"https:\/\/smj.turnwerk.ch\/index.php\/wp-json\/wp\/v2\/pages\/20\/revisions\/317"}],"wp:attachment":[{"href":"https:\/\/smj.turnwerk.ch\/index.php\/wp-json\/wp\/v2\/media?parent=20"}],"curies":[{"name":"wp","href":"https:\/\/api.w.org\/{rel}","templated":true}]}}